{"id":70,"date":"2023-06-14T16:23:42","date_gmt":"2023-06-14T19:23:42","guid":{"rendered":"https:\/\/seja-parceiro.arqdesigner.com.br\/?post_type=product&#038;p=70"},"modified":"2024-08-10T09:00:34","modified_gmt":"2024-08-10T12:00:34","slug":"plus","status":"publish","type":"product","link":"https:\/\/seja-parceiro.arqdesigner.com.br\/index.php\/produto\/plus\/","title":{"rendered":"Plus"},"content":{"rendered":"<ul>\n<li>12 meses de exposi\u00e7\u00e3o na Plataforma Arq Designer (<a href=\"https:\/\/www.arqdesigner.com.br\/\" target=\"_blank\" rel=\"noopener\">www.arqdesigner.com.br<\/a>)<\/li>\n<li>Perfil exclusivo com biografia, portf\u00f3lio de imagens, dados de contato e formul\u00e1rio para recebimento de or\u00e7amentos<\/li>\n<li>3 posts no Feed e 3 posts nos Stories da p\u00e1gina <a href=\"https:\/\/www.instagram.com\/arq_designer\/\" target=\"_blank\" rel=\"noopener\">@arq_designer<\/a><\/li>\n<\/ul>\n","protected":false},"excerpt":{"rendered":"<ul>\n<li>12 meses de exposi\u00e7\u00e3o na Plataforma Arq Designer (<a href=\"https:\/\/www.arqdesigner.com.br\/\" target=\"_blank\" rel=\"noopener\">www.arqdesigner.com.br<\/a>)<\/li>\n<li>Perfil exclusivo com biografia, portf\u00f3lio de imagens, dados de contato e formul\u00e1rio para recebimento de or\u00e7amentos<\/li>\n<li>3 posts no Feed e 3 posts nos Stories da p\u00e1gina <a href=\"https:\/\/www.instagram.com\/arq_designer\/\" target=\"_blank\" rel=\"noopener\">@arq_designer<\/a><\/li>\n<\/ul>\n","protected":false},"featured_media":15,"comment_status":"open","ping_status":"closed","template":"","meta":{"site-sidebar-layout":"default","site-content-layout":"default","ast-global-header-display":"","ast-banner-title-visibility":"","ast-main-header-display":"","ast-hfb-above-header-display":"","ast-hfb-below-header-display":"","ast-hfb-mobile-header-display":"","site-post-title":"","ast-breadcrumbs-content":"","ast-featured-img":"","footer-sml-layout":"","theme-transparent-header-meta":"default","adv-header-id-meta":"","stick-header-meta":"","header-above-stick-meta":"","header-main-stick-meta":"","header-below-stick-meta":""},"product_cat":[20],"product_tag":[],"class_list":["post-70","product","type-product","status-publish","has-post-thumbnail","hentry","product_cat-para-profissionais","desktop-align-center","tablet-align-center","mobile-align-center"],"_links":{"self":[{"href":"https:\/\/seja-parceiro.arqdesigner.com.br\/index.php\/wp-json\/wp\/v2\/product\/70","targetHints":{"allow":["GET"]}}],"collection":[{"href":"https:\/\/seja-parceiro.arqdesigner.com.br\/index.php\/wp-json\/wp\/v2\/product"}],"about":[{"href":"https:\/\/seja-parceiro.arqdesigner.com.br\/index.php\/wp-json\/wp\/v2\/types\/product"}],"replies":[{"embeddable":true,"href":"https:\/\/seja-parceiro.arqdesigner.com.br\/index.php\/wp-json\/wp\/v2\/comments?post=70"}],"wp:featuredmedia":[{"embeddable":true,"href":"https:\/\/seja-parceiro.arqdesigner.com.br\/index.php\/wp-json\/wp\/v2\/media\/15"}],"wp:attachment":[{"href":"https:\/\/seja-parceiro.arqdesigner.com.br\/index.php\/wp-json\/wp\/v2\/media?parent=70"}],"wp:term":[{"taxonomy":"product_cat","embeddable":true,"href":"https:\/\/seja-parceiro.arqdesigner.com.br\/index.php\/wp-json\/wp\/v2\/product_cat?post=70"},{"taxonomy":"product_tag","embeddable":true,"href":"https:\/\/seja-parceiro.arqdesigner.com.br\/index.php\/wp-json\/wp\/v2\/product_tag?post=70"}],"curies":[{"name":"wp","href":"https:\/\/api.w.org\/{rel}","templated":true}]}}